{"id":716,"date":"2022-09-29T08:58:49","date_gmt":"2022-09-29T11:58:49","guid":{"rendered":"https:\/\/xviisimpurb.ufpr.br\/portal\/?page_id=716"},"modified":"2022-11-07T12:21:24","modified_gmt":"2022-11-07T15:21:24","slug":"sugestoes-de-hospedagem","status":"publish","type":"page","link":"https:\/\/xviisimpurb.ufpr.br\/portal\/sugestoes-de-hospedagem\/","title":{"rendered":"Hospedagem"},"content":{"rendered":"<p style=\"text-align: center;\"><strong>Sugest\u00f5es de Hospedagem<\/strong><\/p>\n<p>&nbsp;<\/p>\n<p>Buscando facilitar a estadia dos simposistas durante o XVII SIMPURB, entre os dias 11 a 15 de novembro de 2022 em Curitiba-PR, segue logo abaixo algumas sugest\u00f5es de Hot\u00e9is ou locais para hospedagem que a Comiss\u00e3o Organizadora levantou, alguns com valores promocionais:<\/p>\n<hr \/>\n<p style=\"text-align: center;\"><span style=\"color: #000080;\"><strong>Hospedagem da CEU (Casa do Estudante Universit\u00e1rio) \/ Hostel<\/strong><\/span><\/p>\n<p><strong>Informa\u00e7\u00f5es:<\/strong><\/p>\n<ul>\n<li>Quartos do hostel s\u00e3o divididos em feminino e masculino, com 30 vagas cada;<\/li>\n<li>Est\u00e3o dispon\u00edveis beliches com arm\u00e1rios duplos. Cada h\u00f3spede deve levar seu cadeado;<\/li>\n<li>Roupas de cama &#8211; travesseiro, len\u00e7ol, cobertor &#8211; devem ser levadas pela(o) h\u00f3spede.<\/li>\n<\/ul>\n<p><strong>Valor: <\/strong>R$ 30,00 &#8211; podendo haver desconto para grupos grandes;<\/p>\n<p><strong>Reserva: <\/strong>enviar e-mail para <u>hostel@ceu.org.br<\/u><\/p>\n<p><strong>Endere\u00e7o: <\/strong>R. Luiz Le\u00e3o, 01 &#8211; Centro<\/p>\n<p><strong>Mais informa\u00e7\u00f5es em : <\/strong><a href=\"https:\/\/www.instagram.com\/stories\/highlights\/17862332188543106\/\">https:\/\/www.instagram.com\/stories\/highlights\/17862332188543106\/<\/a> | <a href=\"https:\/\/www.ceupr.org.br\/\">https:\/\/www.ceupr.org.br\/<\/a><\/p>\n<hr \/>\n<p style=\"text-align: center;\"><span style=\"color: #000080;\"><strong>Casa da Estudante Universit\u00e1ria de Curitiba (CEUC)<\/strong><\/span><\/p>\n<p><strong>Vagas dispon\u00edveis:<\/strong> 5 (apenas mulheres)<\/p>\n<p><strong>Valor: <\/strong>R$ 10,00 por noite &#8211; pagamento pode ser feito por di\u00e1ria ou o pacote total dos dias de perman\u00eancia na Casa;<\/p>\n<p><strong>Reserva:<\/strong> entrar em contato com a Comiss\u00e3o Organizadora do XVII SIMPURB Curitiba por e-mail <u>simpurb2021@gmail.com<\/u><\/p>\n<p><strong>Endere\u00e7o:<\/strong> R. General Carneiro, 360<\/p>\n<p><strong>Mais informa\u00e7\u00f5es em:<\/strong>\u00a0<a href=\"https:\/\/www.instagram.com\/ceucpr\/?hl=pt\">https:\/\/www.instagram.com\/ceucpr\/?hl=pt<\/a> | <a href=\"https:\/\/www.ceucpr.com\/\">https:\/\/www.ceucpr.com\/<\/a><\/p>\n<hr \/>\n<p style=\"text-align: center;\"><span style=\"color: #000080;\"><strong>Alta Reggia Plaza Hotel<\/strong><\/span><\/p>\n<ul>\n<li><strong>Alta Reggia Plaza Hotel:<\/strong> oferecer\u00e1 tarifa especial para as\/os participantes do XVII SIMPURB<\/li>\n<\/ul>\n<p><strong>As tarifas acordadas s\u00e3o: <\/strong><\/p>\n<p>Single: R$162,00\/di\u00e1ria; Duplo: R$188,00\/di\u00e1ria; Triplo: R$208,00\/di\u00e1ria<\/p>\n<p><strong>Informa\u00e7\u00f5es:<\/strong><\/p>\n<ul>\n<li>O hotel cobra 5% de ISS;<\/li>\n<li>O hotel oferece caf\u00e9 da manh\u00e3 e internet;<\/li>\n<li>Dist\u00e2ncia do Teatro da Reitoria da UFPR: aproximadamente 400 metros.<\/li>\n<\/ul>\n<p><strong>Reservas: <\/strong><\/p>\n<p>As reservas podem ser feitas pelo telefone (41) 3026-3223 (Thiago) ou pelo e-mail <u>reservas@altareggia.com.br<\/u>.<\/p>\n<p>Para ter acesso \u00e0 tarifa especial, a\/o participante interessada\/o dever\u00e1 informar que est\u00e1 participando do XVII SIMPURB no momento da reserva.<\/p>\n<hr \/>\n<p style=\"text-align: center;\"><span style=\"color: #000080;\"><strong>Hotel Master Curitiba<\/strong><\/span><\/p>\n<ul>\n<li><strong>Hotel Master Curitiba:<\/strong> oferecer\u00e1 tarifa especial para as\/os participantes do XVII SIMPURB<\/li>\n<\/ul>\n<p><strong>As tarifas acordadas s\u00e3o: <\/strong><\/p>\n<p>Single: R$140,00\/di\u00e1ria; Duplo: R$160,00\/di\u00e1ria; Triplo: R$210,00\/di\u00e1ria.<\/p>\n<p><strong>Informa\u00e7\u00f5es: <\/strong><\/p>\n<ul>\n<li>O hotel cobra 5% de ISS;<\/li>\n<li>O hotel oferece caf\u00e9 da manh\u00e3 e internet;<\/li>\n<li>Dist\u00e2ncia do Teatro da Reitoria da UFPR: aproximadamente 400 metros.<\/li>\n<\/ul>\n<p><strong>Reservas:<\/strong><\/p>\n<p>As reservas podem ser feitas pelo e-mail <span style=\"color: #0000ff;\"><a style=\"color: #0000ff;\" href=\"mailto:reservas.curitiba@masterhoteis.com.br\">reservas.curitiba@masterhoteis.com.br<\/a><\/span> (tratar com Marilia).<\/p>\n<p>Para ter acesso \u00e0 tarifa especial, a\/o participante interessada\/o dever\u00e1 informar que est\u00e1 participando do XVII SIMPURB no momento da reserva.<\/p>\n<hr \/>\n<p style=\"text-align: center;\"><span style=\"color: #000080;\"><strong>Slim Curitiba Alto da XV<\/strong><\/span><\/p>\n<ul>\n<li style=\"text-align: center;\"><strong>Alim Curitiba Alto da XV: <\/strong>oferecer\u00e1 tarifa especial para as\/os participantes do XVII SIMPURB<\/li>\n<\/ul>\n<p><strong>As tarifas acordadas s\u00e3o: <\/strong><\/p>\n<p>Single: R$197,72\/di\u00e1ria; Duplo: R$225,44\/di\u00e1ria (j\u00e1 com 5% de ISS).<\/p>\n<p><strong>Informa\u00e7\u00f5es:<\/strong><\/p>\n<ul>\n<li>O hotel oferece caf\u00e9 da manh\u00e3 e internet;<\/li>\n<li>Dist\u00e2ncia do Teatro da Reitoria da UFPR: aproximadamente 450 metros.<\/li>\n<\/ul>\n<p><strong>Reservas:<\/strong><\/p>\n<p>As reservas podem ser feitas pelo telefone 4000-1100 ou pelo e-mail <u>reservas@slavierohoteis.com.br<\/u>.<\/p>\n<p>Para ter acesso \u00e0 tarifa especial, a\/o participante interessada\/o dever\u00e1 informar que est\u00e1 participando do XVII SIMPURB no momento da reserva.<\/p>\n","protected":false},"excerpt":{"rendered":"<p>Sugest\u00f5es de Hospedagem &nbsp; Buscando facilitar a estadia dos simposistas durante o XVII SIMPURB, entre os dias 11 a 15 de novembro de 2022 em [&hellip;]<\/p>\n","protected":false},"author":3,"featured_media":0,"parent":0,"menu_order":0,"comment_status":"closed","ping_status":"closed","template":"","meta":[],"_links":{"self":[{"href":"https:\/\/xviisimpurb.ufpr.br\/portal\/wp-json\/wp\/v2\/pages\/716"}],"collection":[{"href":"https:\/\/xviisimpurb.ufpr.br\/portal\/wp-json\/wp\/v2\/pages"}],"about":[{"href":"https:\/\/xviisimpurb.ufpr.br\/portal\/wp-json\/wp\/v2\/types\/page"}],"author":[{"embeddable":true,"href":"https:\/\/xviisimpurb.ufpr.br\/portal\/wp-json\/wp\/v2\/users\/3"}],"replies":[{"embeddable":true,"href":"https:\/\/xviisimpurb.ufpr.br\/portal\/wp-json\/wp\/v2\/comments?post=716"}],"version-history":[{"count":5,"href":"https:\/\/xviisimpurb.ufpr.br\/portal\/wp-json\/wp\/v2\/pages\/716\/revisions"}],"predecessor-version":[{"id":804,"href":"https:\/\/xviisimpurb.ufpr.br\/portal\/wp-json\/wp\/v2\/pages\/716\/revisions\/804"}],"wp:attachment":[{"href":"https:\/\/xviisimpurb.ufpr.br\/portal\/wp-json\/wp\/v2\/media?parent=716"}],"curies":[{"name":"wp","href":"https:\/\/api.w.org\/{rel}","templated":true}]}}