{"id":291,"date":"2021-04-01T17:11:21","date_gmt":"2021-04-01T20:11:21","guid":{"rendered":"https:\/\/xviisimpurb.ufpr.br\/portal\/?page_id=291"},"modified":"2022-11-11T11:51:09","modified_gmt":"2022-11-11T14:51:09","slug":"mais-posts","status":"publish","type":"page","link":"https:\/\/xviisimpurb.ufpr.br\/portal\/mais-posts\/","title":{"rendered":"Mais Posts"},"content":{"rendered":"<p style=\"text-align: center;\"><strong>Todas as Not\u00edcias do XVII SIMPURB:<\/strong><\/p>\n<p>&nbsp;<\/p>\n<p><a href=\"https:\/\/xviisimpurb.ufpr.br\/portal\/2022\/11\/11\/caderno-de-programacao\/\"><span style=\"color: #0000ff;\">11\/11\/2022 &#8211; Caderno de Programa\u00e7\u00e3o<\/span><\/a><\/p>\n<p><a href=\"https:\/\/xviisimpurb.ufpr.br\/portal\/2022\/11\/11\/informacoes-sobre-a-abertura-do-xvii-simpurb\/\"><span style=\"color: #0000ff;\">11\/11\/2022 &#8211; Informa\u00e7\u00f5es sobre a Abertura do XVII SIMPURB<\/span><\/a><\/p>\n<p><span style=\"color: #0000ff;\"><a style=\"color: #0000ff;\" href=\"https:\/\/xviisimpurb.ufpr.br\/portal\/2022\/11\/07\/restaurantes-e-hospedagem\/\">07\/11\/2022 &#8211; Restaurantes e Hospedagem<\/a><\/span><\/p>\n<p><span style=\"color: #0000ff;\"><a style=\"color: #0000ff;\" href=\"https:\/\/xviisimpurb.ufpr.br\/portal\/2022\/10\/28\/inscricoes-no-evento-ate-dia-04-11\/\">28\/10\/2022 &#8211; Inscri\u00e7\u00f5es no evento at\u00e9 dia 04\/11<\/a><\/span><\/p>\n<p><span style=\"color: #0000ff;\"><a style=\"color: #0000ff;\" href=\"https:\/\/xviisimpurb.ufpr.br\/portal\/2022\/10\/24\/lancamento-de-livros\/\">24\/10\/2022 &#8211; Lan\u00e7amento de Livros<\/a><\/span><\/p>\n<p><span style=\"color: #0000ff;\"><a style=\"color: #0000ff;\" href=\"https:\/\/xviisimpurb.ufpr.br\/portal\/2022\/10\/13\/trabalhos-de-campo-do-xvii-simpurb\/\">13-10-2022 &#8211; Trabalhos de Campo do XVII SIMPURB<\/a><\/span><\/p>\n<p><span style=\"color: #0000ff;\"><a style=\"color: #0000ff;\" href=\"https:\/\/xviisimpurb.ufpr.br\/portal\/2022\/10\/07\/selecao-de-estudantes-monitores-voluntarios-e-voluntarias\/\">07-10-2022 &#8211; Sele\u00e7\u00e3o de estudantes monitores volunt\u00e1rios e volunt\u00e1rias<\/a><\/span><\/p>\n<p><span style=\"color: #0000ff;\"><a style=\"color: #0000ff;\" href=\"https:\/\/xviisimpurb.ufpr.br\/portal\/2022\/09\/13\/setima-circular-do-xvii-simpurb-lancamento-de-livros\/\">13-09-2022 &#8211; S\u00e9tima Circular do XVII SIMPURB: Lan\u00e7amento de Livros!<\/a><\/span><\/p>\n<p><span style=\"color: #0000ff;\"><a style=\"color: #0000ff;\" href=\"https:\/\/xviisimpurb.ufpr.br\/portal\/2022\/09\/02\/publicao-da-sexta-circular-do-xvii-simpurb\/\">02-09-2022 &#8211; Publica\u00e7\u00e3o da Sexta Circular do XVII SIMPURB<\/a><\/span><\/p>\n<p><span style=\"color: #0000ff;\"><a style=\"color: #0000ff;\" href=\"https:\/\/xviisimpurb.ufpr.br\/portal\/2022\/08\/31\/divulgacao-dos-trabalhos-aprovados-por-gts-no-xvii-simpurb\/\">31-08-2022 &#8211; Divulga\u00e7\u00e3o dos Trabalhos Aprovados por GTs no XVII SIMPURB<\/a><\/span><\/p>\n<p><span style=\"color: #0000ff;\"><a style=\"color: #0000ff;\" href=\"https:\/\/xviisimpurb.ufpr.br\/portal\/2022\/08\/22\/novo-prazo-para-inscricoes-com-desconto-isencao-e-divulgacao-dos-palestrantes-debatedores-das-mesas-redondas\/\">22\/08\/2022 &#8211; Novo Prazo para Inscri\u00e7\u00f5es com Desconto e divulga\u00e7\u00e3o dos Palestrantes\/Debatedores das Mesas-Redondas<\/a><\/span><\/p>\n<p><span style=\"color: #0000ff;\"><a style=\"color: #0000ff;\" href=\"https:\/\/xviisimpurb.ufpr.br\/portal\/2022\/07\/22\/confirmacao-dos-locais-de-atividades-do-xvii-simpurb-2022-curitiba\/\">22\/07\/2022 &#8211; Confirma\u00e7\u00e3o dos locais de atividades do XVII SIMPURB \u2013 2022 Curitiba<\/a><\/span><\/p>\n<p><span style=\"color: #0000ff;\"><a style=\"color: #0000ff;\" href=\"https:\/\/xviisimpurb.ufpr.br\/portal\/2022\/06\/14\/prazo-para-envio-de-trabalhos-ate-o-dia-28-06-2022\/\">28\/06\/2022 &#8211; Prazo para envio de trabalhos at\u00e9 o dia 28\/06\/2022!<\/a><\/span><\/p>\n<p><span style=\"color: #0000ff;\"><a style=\"color: #0000ff;\" href=\"https:\/\/xviisimpurb.ufpr.br\/portal\/2022\/05\/31\/prorrogacao-de-prazo-submissao-de-trabalhos-ate-o-dia-14-06-2022\/\">14\/06\/2022 &#8211; Prorroga\u00e7\u00e3o de Prazo: Submiss\u00e3o de Trabalhos at\u00e9 o dia 14\/06\/2022!<\/a><\/span><\/p>\n<p><span style=\"color: #0000ff;\"><a style=\"color: #0000ff;\" href=\"https:\/\/xviisimpurb.ufpr.br\/portal\/2022\/05\/16\/prazo-para-submissao-de-trabalhos-prorrogado-ate-o-dia-31-05\/\">16\/05\/2022 &#8211; Prazo para submiss\u00e3o de trabalhos prorrogado at\u00e9 o dia 31\/05<\/a><\/span><\/p>\n<p><span style=\"color: #0000ff;\"><a style=\"color: #0000ff;\" href=\"https:\/\/xviisimpurb.ufpr.br\/portal\/2022\/05\/02\/quinta-circular-do-xvii-simpurb-datas-de-inscricao-no-evento-e-taxas\/\">02\/05\/2022 &#8211; Quinta Circular do XVII SIMPURB: datas de inscri\u00e7\u00e3o no evento e taxas<\/a><\/span><\/p>\n<p><span style=\"color: #0000ff;\"><a style=\"color: #0000ff;\" href=\"https:\/\/xviisimpurb.ufpr.br\/portal\/2022\/03\/17\/submissao-de-trabalhos-esta-aberta-o-prazo-sera-ate-o-dia-17-de-maio-de-2022\/\">17-03-2022 &#8211; Submiss\u00e3o de Trabalhos est\u00e1 Aberta: o prazo ser\u00e1 at\u00e9 o dia 17 de maio de 2022!<\/a><\/span><\/p>\n<p><span style=\"color: #0000ff;\"><a style=\"color: #0000ff;\" href=\"https:\/\/xviisimpurb.ufpr.br\/portal\/2022\/03\/10\/quarta-circular-do-xvii-simpurb-programacao-do-evento-submissao-de-trabalhos-e-inscricoes\/\">10-03-2022 &#8211; Quarta Circular do XVII SIMPURB: programa\u00e7\u00e3o do evento, submiss\u00e3o de trabalhos e inscri\u00e7\u00f5es<\/a><\/span><\/p>\n<p><span style=\"color: #0000ff;\"><a style=\"color: #0000ff;\" href=\"https:\/\/xviisimpurb.ufpr.br\/portal\/2022\/01\/19\/terceira-circular-normas-e-prazos-para-submissao-de-trabalhos\/\">19-01-2022 &#8211; Terceira Circular \u2013 Normas e Prazos para Submiss\u00e3o de Trabalhos<\/a><\/span><\/p>\n<p><span style=\"color: #0000ff;\"><a style=\"color: #0000ff;\" href=\"https:\/\/xviisimpurb.ufpr.br\/portal\/2021\/10\/14\/segunda-circular-nova-data-do-evento\/\">14-10-2021 &#8211; Segunda Circular \u2013 Nova Data do Evento<\/a><\/span><\/p>\n<p><span style=\"color: #0000ff;\"><a style=\"color: #0000ff;\" href=\"https:\/\/xviisimpurb.ufpr.br\/portal\/2021\/04\/01\/comunicado-adiamento-do-xvii-simpurb-curitiba-para-2022-2\/\">01-04-2021 &#8211; COMUNICADO \u2013 ADIAMENTO DO XVII SIMPURB CURITIBA <span style=\"color: #0000ff;\">PARA<\/span> 2022<\/a><\/span><\/p>\n<p><span style=\"color: #0000ff;\"><a style=\"color: #0000ff;\" href=\"https:\/\/xviisimpurb.ufpr.br\/portal\/2021\/01\/29\/site-em-construcao\/\">29-01-2021 &#8211; Site em constru\u00e7\u00e3o<\/a><\/span><\/p>\n","protected":false},"excerpt":{"rendered":"<p>Todas as Not\u00edcias do XVII SIMPURB: &nbsp; 11\/11\/2022 &#8211; Caderno de Programa\u00e7\u00e3o 11\/11\/2022 &#8211; Informa\u00e7\u00f5es sobre a Abertura do XVII SIMPURB 07\/11\/2022 &#8211; Restaurantes e [&hellip;]<\/p>\n","protected":false},"author":3,"featured_media":0,"parent":0,"menu_order":0,"comment_status":"closed","ping_status":"closed","template":"","meta":[],"_links":{"self":[{"href":"https:\/\/xviisimpurb.ufpr.br\/portal\/wp-json\/wp\/v2\/pages\/291"}],"collection":[{"href":"https:\/\/xviisimpurb.ufpr.br\/portal\/wp-json\/wp\/v2\/pages"}],"about":[{"href":"https:\/\/xviisimpurb.ufpr.br\/portal\/wp-json\/wp\/v2\/types\/page"}],"author":[{"embeddable":true,"href":"https:\/\/xviisimpurb.ufpr.br\/portal\/wp-json\/wp\/v2\/users\/3"}],"replies":[{"embeddable":true,"href":"https:\/\/xviisimpurb.ufpr.br\/portal\/wp-json\/wp\/v2\/comments?post=291"}],"version-history":[{"count":18,"href":"https:\/\/xviisimpurb.ufpr.br\/portal\/wp-json\/wp\/v2\/pages\/291\/revisions"}],"predecessor-version":[{"id":831,"href":"https:\/\/xviisimpurb.ufpr.br\/portal\/wp-json\/wp\/v2\/pages\/291\/revisions\/831"}],"wp:attachment":[{"href":"https:\/\/xviisimpurb.ufpr.br\/portal\/wp-json\/wp\/v2\/media?parent=291"}],"curies":[{"name":"wp","href":"https:\/\/api.w.org\/{rel}","templated":true}]}}