{"id":110,"date":"2021-03-26T21:01:10","date_gmt":"2021-03-27T00:01:10","guid":{"rendered":"https:\/\/xviisimpurb.ufpr.br\/portal\/?page_id=110"},"modified":"2022-10-28T12:53:06","modified_gmt":"2022-10-28T15:53:06","slug":"trabalhos-de-campo-e-oficinas","status":"publish","type":"page","link":"https:\/\/xviisimpurb.ufpr.br\/portal\/trabalhos-de-campo-e-oficinas\/","title":{"rendered":"Trabalhos de Campo"},"content":{"rendered":"\r\n<p style=\"text-align: center;\"><strong>Trabalhos de Campo \u2013 XVII SIMPURB<\/strong><\/p>\r\n<p>&nbsp;<\/p>\r\n<p>No dia 15 de Novembro de 2022 ser\u00e3o realizados os <strong>Trabalhos de Campo<\/strong> do XVII SIMPURB. As inscri\u00e7\u00f5es nos Trabalhos de Campo ser\u00e3o feitas pela plataforma <a href=\"https:\/\/scientia-e.com\/sistema\/novosis\/simpurb\/2022\/\">SISGEENCO<\/a>, entre os dias <strong>13 de outubro<\/strong> e <strong>13 de novembro<\/strong>, e a programa\u00e7\u00e3o de cada um deles poder\u00e1 ser conferida logo abaixo.<\/p>\r\n<p>Para os campos em que n\u00e3o h\u00e1 cobran\u00e7a de valores, \u00e9 necess\u00e1ria apenas a inscri\u00e7\u00e3o na plataforma SISGEENCO, at\u00e9 o dia 13\/11, para a garantia da vaga. Para os demais campos, a inscri\u00e7\u00e3o ser\u00e1 efetivada ap\u00f3s o pagamento da taxa dentro do referido prazo.<\/p>\r\n<p>Para d\u00favidas e\/ou demais informa\u00e7\u00f5es sobre os campos, entre em contato com a organiza\u00e7\u00e3o do evento por e-mail ou diretamente com os respons\u00e1veis pela atividade. No total, ser\u00e3o cinco op\u00e7\u00f5es de campo, conforme listados a seguir:<\/p>\r\n<blockquote>\r\n<p><em>1. A constru\u00e7\u00e3o e o registro da paisagem: caminhadas e fotografias<\/em><br \/><em>2. AfroCuritiba: mem\u00f3rias racializadas na cria\u00e7\u00e3o e recria\u00e7\u00e3o simb\u00f3lica do espa\u00e7o urbano<\/em><br \/><em>3. Diferentes faces da metr\u00f3pole<\/em><br \/><em>4. Territ\u00f3rios em disputa pelo direito \u00e0 moradia na metr\u00f3pole de Curitiba<\/em><br \/><em>5. Redes de colabora\u00e7\u00e3o solid\u00e1ria e lutas sociais: da produ\u00e7\u00e3o da fome como projeto \u00e0s possibilidades de resist\u00eancia na rela\u00e7\u00e3o campo-cidade<\/em><\/p>\r\n<\/blockquote>\r\n<p>&nbsp;<\/p>\r\n<hr \/>\r\n<p><strong>1<\/strong>. <strong>A constru\u00e7\u00e3o e o registro da paisagem: caminhadas e fotografias<\/strong><\/p>\r\n<p><strong>Dura\u00e7\u00e3o prevista:<\/strong> 4 horas<\/p>\r\n<p><strong>Sa\u00edda:<\/strong> 08:30<\/p>\r\n<p><strong>Ponto de partida:<\/strong> Pra\u00e7a Santos Andrade, pr\u00e9dio hist\u00f3rico da UFPR<\/p>\r\n<p><strong>Vagas<\/strong>: m\u00ednimo 5 e m\u00e1ximo 30 pessoas<\/p>\r\n<p><strong>Respons\u00e1veis: <\/strong>Rodrigo Guissoni, Andr\u00e9 Gustavo Nunes, Ewerton Lemos Gomes, Beatriz Tavares, Eduarda Pagnussat e Marcos Torres (LATECRE- UFPR)<\/p>\r\n<p><strong>Ementa:<\/strong><\/p>\r\n<p>Pensar a cidade a partir da paisagem implica refletir sobre as percep\u00e7\u00f5es e experi\u00eancias espaciais das pessoas. Esta oficina oportunizar\u00e1 a viv\u00eancia coletiva da cidade de Curitiba por meio de caminhadas, tendo a produ\u00e7\u00e3o fotogr\u00e1fica como aliada no registro das experi\u00eancias que ir\u00e3o compor a paisagem da cidade para cada participante. Ao final da caminhada, todas e todos ser\u00e3o convidados \u00e0 uma cafeteria onde, al\u00e9m de poderem entrar em contato com diferentes tipos e preparos de caf\u00e9, poder\u00e3o compartilhar percep\u00e7\u00f5es sobre o campo e seus registros.<\/p>\r\n<p>Observa\u00e7\u00e3o: a ida ao caf\u00e9 ser\u00e1 opcional e cada pessoa ficar\u00e1 respons\u00e1vel pelo que consumir.<\/p>\r\n<hr \/>\r\n<p><strong>2. AfroCuritiba: mem\u00f3rias racializadas na cria\u00e7\u00e3o e recria\u00e7\u00e3o simb\u00f3lica do espa\u00e7o urbano<\/strong><\/p>\r\n<p><strong>Dura\u00e7\u00e3o prevista: <\/strong>2 horas e 30 minutos<\/p>\r\n<p><strong>Sa\u00edda:<\/strong> 9:30<\/p>\r\n<p><strong>Ponto de partida:<\/strong> Ru\u00ednas de S\u00e3o Francisco (Av. Jaime Reis, S\/N &#8211; S\u00e3o Francisco)<\/p>\r\n<p><strong>Vagas: <\/strong>m\u00ednimo 20 e m\u00e1ximo 60 pessoas.<\/p>\r\n<p>Observa\u00e7\u00e3o: caso o campo n\u00e3o atinja o m\u00ednimo de pessoas, ele n\u00e3o ser\u00e1 realizado e dever\u00e1 haver um remanejamento das\/os inscritas\/os para outros campos.<\/p>\r\n<p><strong>Respons\u00e1vel<\/strong>: Profa. Dra. Joseli Maria Nunes Mendon\u00e7a \u2013 Departamento de Hist\u00f3ria UFPR, Coordenadora do Projeto de Extens\u00e3o <em>AfroCuritiba: passeios pela hist\u00f3ria e mem\u00f3ria da presen\u00e7a negra na cidade<\/em><\/p>\r\n<p><strong>Ementa:<\/strong><\/p>\r\n<p>O campo consiste em media\u00e7\u00e3o dialogada em espa\u00e7os da regi\u00e3o central de Curitiba, com objetivo de problematizar a mem\u00f3ria oficial constitu\u00edda sobre a cidade que, ao vincular a identidade local \u00e0 imigra\u00e7\u00e3o europeia, excluiu dela a presen\u00e7a e a import\u00e2ncia da popula\u00e7\u00e3o negra.<\/p>\r\n<p>\u00c9 uma a\u00e7\u00e3o vinculada ao projeto de Extens\u00e3o <em>AfroCuritiba: passeios pela hist\u00f3ria e mem\u00f3ria da presen\u00e7a negra na cidade<\/em>.<\/p>\r\n<hr \/>\r\n<p><strong>3. Diferentes faces da metr\u00f3pole<\/strong><\/p>\r\n<p><strong>Dura\u00e7\u00e3o prevista:<\/strong> 9 horas<\/p>\r\n<p><strong>Sa\u00edda:<\/strong> 8:30 | <strong>Retorno:<\/strong> 17:30<\/p>\r\n<p><strong>Ponto de partida:<\/strong> Reitoria (UFPR)<\/p>\r\n<p><strong>Vagas: <\/strong>m\u00e1ximo de 40 pessoas<\/p>\r\n<p><strong>Respons\u00e1veis<\/strong>: Professoras Olga Firkowski (Programa de P\u00f3s-Gradua\u00e7\u00e3o em Geografia-UFPR) e Patr\u00edcia Baliski (IFPR &#8211; Uni\u00e3o da Vit\u00f3ria)<\/p>\r\n<p><strong>Locais: <\/strong>Fazenda Rio Grande e Curitiba (CIC e <em>Ecoville<\/em>)<\/p>\r\n<p><strong>Valor:<\/strong> R$ 50,00 (a ser revertido em alimenta\u00e7\u00e3o\/almo\u00e7o)\u00a0<\/p>\r\n<p>O dep\u00f3sito dever\u00e1 ser feito via Pix ou transfer\u00eancia banc\u00e1ria para a conta de Lucas Ponte Mesquita (monitor do campo e membro da Comiss\u00e3o Organizadora do XVII SIMPURB Curitiba) e o comprovante de pagamento\/transfer\u00eancia dever\u00e1 ser enviado no e-mail oficial do evento (simpurb2021@gmail.com) com o assunto &#8216;Trabalho de Campo 3&#8217;.<\/p>\r\n<p><strong>Dados:<\/strong> Lucas Ponte Mesquita | Chave Pix: 41988320303<\/p>\r\n<p><strong>Ementa:<\/strong><\/p>\r\n<p>Este trabalho de campo tem como objetivo evidenciar alguns processos respons\u00e1veis pela conforma\u00e7\u00e3o da metr\u00f3pole de Curitiba, dando destaque \u00e0 produ\u00e7\u00e3o do espa\u00e7o pela moradia (popular e de alta renda) e por meio da atividade industrial.<\/p>\r\n<p>Prev\u00ea a visita a locais em que seja poss\u00edvel reconhecer e evidenciar a materializa\u00e7\u00e3o de processos constitutivos da metr\u00f3pole e suas consequ\u00eancias para o cotidiano da popula\u00e7\u00e3o. Ser\u00e3o visitados alguns locais nos munic\u00edpios de Fazenda Rio Grande e Curitiba, em especial o bairro Gralha Azul em Fazenda Rio Grande e os empreendimentos de moradia popular formal, al\u00e9m da Cidade Industrial em Curitiba e do local conhecido como <em>Ecoville<\/em>, destinado a moradias de alta renda.<\/p>\r\n<hr \/>\r\n<p><strong>4. Territ\u00f3rios em disputa pelo direito \u00e0 moradia na metr\u00f3pole de Curitiba<\/strong><\/p>\r\n<p><strong>Dura\u00e7\u00e3o prevista:<\/strong> 8 horas<\/p>\r\n<p><strong>Sa\u00edda:<\/strong> 9:00 | <strong>Retorno:<\/strong> 17:00<\/p>\r\n<p><strong>Ponto de partida: <\/strong>Reitoria (UFPR)<\/p>\r\n<p><strong>Vagas:<\/strong> m\u00e1ximo de 20 pessoas<\/p>\r\n<p><strong>Local:<\/strong> Ocupa\u00e7\u00e3o Nova Esperan\u00e7a (Campo Magro)<\/p>\r\n<p><strong>Valor:<\/strong> R$ 30,00 (a ser revertido em alimenta\u00e7\u00e3o\/almo\u00e7o)<\/p>\r\n<p>O dep\u00f3sito dever\u00e1 ser feito via Pix ou transfer\u00eancia banc\u00e1ria para a conta de Marcelo Caetano Andreoli (Professor respons\u00e1vel pelo campo) e o comprovante de pagamento\/transfer\u00eancia dever\u00e1 ser enviado no e-mail oficial do evento (simpurb2021@gmail.com) com o assunto &#8216;Trabalho de Campo 4&#8217;.<\/p>\r\n<p><strong>Dados:<\/strong> Marcelo Caetano Andreoli | Chave Pix: marcelocandreoli@gmail.com<\/p>\r\n<p><img loading=\"lazy\" class=\" wp-image-724 aligncenter\" src=\"https:\/\/xviisimpurb.ufpr.br\/portal\/wp-content\/uploads\/2022\/10\/qr_campo.jpg\" alt=\"\" width=\"279\" height=\"279\" srcset=\"https:\/\/xviisimpurb.ufpr.br\/portal\/wp-content\/uploads\/2022\/10\/qr_campo.jpg 369w, https:\/\/xviisimpurb.ufpr.br\/portal\/wp-content\/uploads\/2022\/10\/qr_campo-300x300.jpg 300w, https:\/\/xviisimpurb.ufpr.br\/portal\/wp-content\/uploads\/2022\/10\/qr_campo-150x150.jpg 150w, https:\/\/xviisimpurb.ufpr.br\/portal\/wp-content\/uploads\/2022\/10\/qr_campo-98x98.jpg 98w, https:\/\/xviisimpurb.ufpr.br\/portal\/wp-content\/uploads\/2022\/10\/qr_campo-57x57.jpg 57w\" sizes=\"(max-width: 279px) 100vw, 279px\" \/><\/p>\r\n<p><strong>Respons\u00e1veis:<\/strong> Professor Marcelo Caetano Andreoli e Professora Madianita Nunes da Silva (Curso de Arquitetura e Urbanismo e Programa de P\u00f3s-Gradua\u00e7\u00e3o em Planejamento Urbano &#8211; UFPR)<\/p>\r\n<p><strong>Ementa:<\/strong><\/p>\r\n<p>A Comunidade Nova Esperan\u00e7a se situa em Campo Magro, munic\u00edpio da Regi\u00e3o Metropolitana de Curitiba (RMC), e teve seu in\u00edcio em maio de 2020, sob organiza\u00e7\u00e3o do Movimento Popular por Moradia (MPM). Se inicialmente a ocupa\u00e7\u00e3o foi realizada por cerca de quatrocentas pessoas, hoje s\u00e3o mais de mil e quinhentas fam\u00edlias residentes no local reivindicando moradia digna. Seu crescimento acelerado aponta para o aprofundamento dos problemas resultantes da insufici\u00eancia das pol\u00edticas habitacionais na Regi\u00e3o Metropolitana de Curitiba.<\/p>\r\n<p>Aproveitando-se das infraestruturas p\u00fablicas da antiga Fazenda Solidariedade, o MPM pretende construir um exemplo para outras ocupa\u00e7\u00f5es, aliando moradia e produ\u00e7\u00e3o, por meio de uma economia popular. Muito embora a fragilidade do solo c\u00e1rstico seja um impeditivo para o adensamento da \u00e1rea, s\u00e3o reconhecidas as experi\u00eancias de conscientiza\u00e7\u00e3o e prote\u00e7\u00e3o ambiental.<\/p>\r\n<p>Ao longo da visita se buscar\u00e1 discutir as pol\u00edticas habitacionais para a metr\u00f3pole de Curitiba; as rela\u00e7\u00f5es urbano-rural, decorrentes da localiza\u00e7\u00e3o em que se insere a ocupa\u00e7\u00e3o; a organiza\u00e7\u00e3o da ocupa\u00e7\u00e3o e das formas de habitar, sobretudo a partir da rela\u00e7\u00e3o entre movimentos sociais &#8211; MPM e MST.<\/p>\r\n<hr \/>\r\n<p><strong>5. Redes de colabora\u00e7\u00e3o solid\u00e1ria e lutas sociais: da produ\u00e7\u00e3o da fome como projeto \u00e0s possibilidades de resist\u00eancia na rela\u00e7\u00e3o campo-cidade<\/strong><\/p>\r\n<p><strong>Dura\u00e7\u00e3o prevista:<\/strong> 10 horas<\/p>\r\n<p><strong>Sa\u00edda:<\/strong> 07:30 | <strong>Retorno: <\/strong>18:00<\/p>\r\n<p><strong>Ponto de partida:<\/strong> Reitoria (UFPR)<\/p>\r\n<p><strong>Vagas:<\/strong> m\u00e1ximo de 20 pessoas<\/p>\r\n<p><strong>Locais:<\/strong> Paranagu\u00e1, Pr\u00e9-assentamento Jos\u00e9 Lutzemberger (Antonina) e Cefuria (Curitiba)<\/p>\r\n<p><strong>Respons\u00e1veis:<\/strong> Kaue Avanzi, Kauan Lunardon, Marcos Pereira e Marcieleh Lemos Rodrigues<\/p>\r\n<p style=\"text-align: justify; line-height: 150%;\"><strong><span style=\"font-family: 'Arial','sans-serif';\">Valor:<\/span><\/strong><span style=\"font-family: 'Arial','sans-serif';\"> R$ 30,00 (a ser revertido em alimenta\u00e7\u00e3o\/almo\u00e7o)<\/span><\/p>\r\n<p style=\"text-align: justify; line-height: 150%;\"><span style=\"font-family: 'Arial','sans-serif';\">O dep\u00f3sito dever\u00e1 ser feito via Pix ou transfer\u00eancia banc\u00e1ria para a conta de Kauan Lunardon (<em>respons\u00e1vel pelo campo<\/em>) e o comprovante de pagamento\/transfer\u00eancia dever\u00e1 ser enviado no e-mail oficial do evento (<a href=\"mailto:simpurb2021@gmail.com\"><span style=\"color: #0000ff;\">simpurb2021@gmail.com<\/span><\/a>) com o assunto \u2018Trabalho de Campo 5\u2019.<\/span><\/p>\r\n<p><img loading=\"lazy\" class=\"wp-image-771 aligncenter\" src=\"https:\/\/xviisimpurb.ufpr.br\/portal\/wp-content\/uploads\/2022\/10\/pix_qr_code_campo5.jpg\" alt=\"\" width=\"386\" height=\"417\" srcset=\"https:\/\/xviisimpurb.ufpr.br\/portal\/wp-content\/uploads\/2022\/10\/pix_qr_code_campo5.jpg 1080w, https:\/\/xviisimpurb.ufpr.br\/portal\/wp-content\/uploads\/2022\/10\/pix_qr_code_campo5-278x300.jpg 278w, https:\/\/xviisimpurb.ufpr.br\/portal\/wp-content\/uploads\/2022\/10\/pix_qr_code_campo5-948x1024.jpg 948w, https:\/\/xviisimpurb.ufpr.br\/portal\/wp-content\/uploads\/2022\/10\/pix_qr_code_campo5-768x830.jpg 768w, https:\/\/xviisimpurb.ufpr.br\/portal\/wp-content\/uploads\/2022\/10\/pix_qr_code_campo5-91x98.jpg 91w, https:\/\/xviisimpurb.ufpr.br\/portal\/wp-content\/uploads\/2022\/10\/pix_qr_code_campo5-53x57.jpg 53w\" sizes=\"(max-width: 386px) 100vw, 386px\" \/><\/p>\r\n<p style=\"text-align: justify; line-height: 150%;\"><strong><span style=\"font-family: 'Arial','sans-serif';\">Dados:<\/span><\/strong><span style=\"font-family: 'Arial','sans-serif';\"> Kauan Lunardon | Chave Pix: 41991629231<\/span><\/p>\r\n<p><strong>Ementa:<\/strong><\/p>\r\n<p>Durante a pandemia de Covid-19, com o agravamento da desigualdade social, observou-se um aumento dr\u00e1stico da fome, levado \u00e0 cabo pela infla\u00e7\u00e3o dos alimentos e de outros custos b\u00e1sicos. Ao mesmo tempo, as exporta\u00e7\u00f5es de comodities agr\u00edcolas bateram recordes de lucro. Como um pa\u00eds com terras altamente produtivas convive com 33 milh\u00f5es de pessoas em inseguran\u00e7a alimentar? Para responder essa pergunta, um dos caminhos pode ser encarar os espa\u00e7os produzidos e produtores da fome, isto \u00e9, encar\u00e1-la enquanto uma problem\u00e1tica intrinsecamente inserida na rela\u00e7\u00e3o campo-cidade.<\/p>\r\n<p>Nesse duro e tr\u00e1gico cen\u00e1rio diversas cozinhas comunit\u00e1rias se apresentaram como a\u00e7\u00e3o emergencial em combate \u00e0 epidemia de fome conjunta \u00e0 crise sanit\u00e1ria. Algumas dessas experi\u00eancias demonstraram uma pot\u00eancia organizativa que foi capaz de ir al\u00e9m da simples rea\u00e7\u00e3o emergencial e se consolidaram, nesses quase tr\u00eas anos de atividade, em a\u00e7\u00f5es concretas de resist\u00eancia popular de intuito emancipat\u00f3rio. Para n\u00f3s, o coletivo mais did\u00e1tico para compreender este processo \u00e9 o Marmitas da Terra, que desde o in\u00edcio de suas atividades, em Abril de 2020, j\u00e1 produziu e distribuiu mais de 150.000 marmitas nas pra\u00e7as, ruas e \u201cquebradas\u201d de Curitiba e Regi\u00e3o Metropolitana, com insumos e ingredientes, tamb\u00e9m oriundos da produ\u00e7\u00e3o coletiva atrav\u00e9s do modelo agroecol\u00f3gico.<\/p>\r\n<p>Assim, esse trabalho de campo visa investigar que tipo de urbaniza\u00e7\u00e3o \u00e9 produzida pelo modelo agroexportador e questionar como esse modelo produz a fome dentro dos espa\u00e7os urbanos, mas tamb\u00e9m contemplar experi\u00eancias contra-hegem\u00f4nicas de combate \u00e0 fome, levadas \u00e0 cabo por movimentos sociais. Para isso, prop\u00f5e-se o contato com um dos maiores pontos de escoamento de gr\u00e3os do pa\u00eds, o Porto de Paranagu\u00e1 e em seguida uma visita ao Pr\u00e9-Assentamento Jos\u00e9 Lutzemberg, em Antonina, refer\u00eancia de produ\u00e7\u00e3o agroflorestal no Paran\u00e1. Por fim, junto \u00e0 visita da cozinha coletiva do Marmitas da Terra, visa-se produzir um contato, ainda que pontual, com as possibilidades de organiza\u00e7\u00e3o popular de combate a fome dentro da cidade.<\/p>\r\n<hr \/>\r\n<p>&nbsp;<\/p>\r\n","protected":false},"excerpt":{"rendered":"<p>Trabalhos de Campo \u2013 XVII SIMPURB &nbsp; No dia 15 de Novembro de 2022 ser\u00e3o realizados os Trabalhos de Campo do XVII SIMPURB. As inscri\u00e7\u00f5es [&hellip;]<\/p>\n","protected":false},"author":3,"featured_media":0,"parent":0,"menu_order":0,"comment_status":"closed","ping_status":"closed","template":"","meta":[],"_links":{"self":[{"href":"https:\/\/xviisimpurb.ufpr.br\/portal\/wp-json\/wp\/v2\/pages\/110"}],"collection":[{"href":"https:\/\/xviisimpurb.ufpr.br\/portal\/wp-json\/wp\/v2\/pages"}],"about":[{"href":"https:\/\/xviisimpurb.ufpr.br\/portal\/wp-json\/wp\/v2\/types\/page"}],"author":[{"embeddable":true,"href":"https:\/\/xviisimpurb.ufpr.br\/portal\/wp-json\/wp\/v2\/users\/3"}],"replies":[{"embeddable":true,"href":"https:\/\/xviisimpurb.ufpr.br\/portal\/wp-json\/wp\/v2\/comments?post=110"}],"version-history":[{"count":25,"href":"https:\/\/xviisimpurb.ufpr.br\/portal\/wp-json\/wp\/v2\/pages\/110\/revisions"}],"predecessor-version":[{"id":782,"href":"https:\/\/xviisimpurb.ufpr.br\/portal\/wp-json\/wp\/v2\/pages\/110\/revisions\/782"}],"wp:attachment":[{"href":"https:\/\/xviisimpurb.ufpr.br\/portal\/wp-json\/wp\/v2\/media?parent=110"}],"curies":[{"name":"wp","href":"https:\/\/api.w.org\/{rel}","templated":true}]}}